{"id":2955,"date":"2019-07-16T23:14:04","date_gmt":"2019-07-16T21:14:04","guid":{"rendered":"http:\/\/zivot-design.com\/web\/kontakt\/"},"modified":"2024-06-20T08:59:59","modified_gmt":"2024-06-20T06:59:59","slug":"kontakt","status":"publish","type":"page","link":"https:\/\/zivot-design.com\/hr\/kontakt\/","title":{"rendered":"Kontakt"},"content":{"rendered":"<p>[et_pb_section fb_built=&#8221;1&#8243; admin_label=&#8221;section&#8221; _builder_version=&#8221;4.16&#8243; global_colors_info=&#8221;{}&#8221; theme_builder_area=&#8221;post_content&#8221;][et_pb_row column_structure=&#8221;1_2,1_2&#8243; admin_label=&#8221;row&#8221; _builder_version=&#8221;4.16&#8243; background_size=&#8221;initial&#8221; background_position=&#8221;top_left&#8221; background_repeat=&#8221;repeat&#8221; global_colors_info=&#8221;{}&#8221; theme_builder_area=&#8221;post_content&#8221;][et_pb_column type=&#8221;1_2&#8243; _builder_version=&#8221;4.16&#8243; custom_padding=&#8221;|||&#8221; global_colors_info=&#8221;{}&#8221; custom_padding__hover=&#8221;|||&#8221; theme_builder_area=&#8221;post_content&#8221;][et_pb_text admin_label=&#8221;Text&#8221; _builder_version=&#8221;4.19.0&#8243; background_size=&#8221;initial&#8221; background_position=&#8221;top_left&#8221; background_repeat=&#8221;repeat&#8221; global_colors_info=&#8221;{}&#8221; theme_builder_area=&#8221;post_content&#8221;]<\/p>\n<h3>\u017dIVOT d.o.o.<\/h3>\n<p>Osje\u010dka 62a, 51000 Rijeka, Croatia<\/p>\n<p><strong>Studio:<\/strong><br \/>Gornji Sroki 73a, 51216 Vi\u0161kovo, Croatia<\/p>\n<p><strong>OIB:<\/strong> 85005705611<br \/><strong>IBAN:<\/strong> HR9224840081106369926 \/ Raiffeisen Bank<br \/><strong>SWIFT CODE:<\/strong> RZBHHR2X<a href=\"tel:+385959080661\"><\/a><\/p>\n<p>[\/et_pb_text][et_pb_divider divider_position=&#8221;center&#8221; divider_weight=&#8221;2px&#8221; _builder_version=&#8221;4.19.0&#8243; _module_preset=&#8221;default&#8221; width=&#8221;25%&#8221; module_alignment=&#8221;left&#8221; global_colors_info=&#8221;{}&#8221; theme_builder_area=&#8221;post_content&#8221;][\/et_pb_divider][et_pb_text admin_label=&#8221;Text&#8221; _builder_version=&#8221;4.25.1&#8243; background_size=&#8221;initial&#8221; background_position=&#8221;top_left&#8221; background_repeat=&#8221;repeat&#8221; hover_enabled=&#8221;0&#8243; global_colors_info=&#8221;{}&#8221; theme_builder_area=&#8221;post_content&#8221; sticky_enabled=&#8221;0&#8243;]<\/p>\n<h3>Budimo u kontaktu<\/h3>\n<p><strong>Op\u0107i upiti<\/strong> : <a href=\"mailto:zivot.interijeri@gmail.com\">zivot.interijeri@gmail.com<\/a><\/p>\n<p><strong>Zoran Badurina<\/strong> \/ CEO \/ <a href=\"tel:+385959009445\">+385 95 900 9445<\/a><br \/>\n<strong>Mia Sari\u0107<\/strong> \/ Voditeljica poslovanja \/ <a href=\"tel:+385992519707\">+385 99 251 9707<\/a><br \/>\n<strong>Robert \u0160u\u0161a<\/strong> \/ Voditelj proizvodnje \/ <a href=\"tel:+385959080661\">+385 95 908 0661<\/a>[\/et_pb_text][\/et_pb_column][et_pb_column type=&#8221;1_2&#8243; _builder_version=&#8221;4.16&#8243; custom_padding=&#8221;|||&#8221; global_colors_info=&#8221;{}&#8221; custom_padding__hover=&#8221;|||&#8221; theme_builder_area=&#8221;post_content&#8221;][et_pb_text admin_label=&#8221;Text&#8221; _builder_version=&#8221;4.19.0&#8243; background_size=&#8221;initial&#8221; background_position=&#8221;top_left&#8221; background_repeat=&#8221;repeat&#8221; locked=&#8221;off&#8221; global_colors_info=&#8221;{}&#8221; theme_builder_area=&#8221;post_content&#8221;]<\/p>\n<div class=\"wp-block-columns has-2-columns\">\n<div class=\"wp-block-column\"><\/div>\n<div class=\"wp-block-column\">\n<h3>Brzi kontakt<a href=\"tel:+385959080661\"><\/a><\/h3>\n<\/div>\n<\/div>\n<p>[\/et_pb_text][et_pb_contact_form use_spam_service=&#8221;on&#8221; recaptcha_list=&#8221;Zivot|Zivot-0&#8243; recaptcha_min_score=&#8221;0.7&#8243; email=&#8221;zivot.interijeri@gmail.com&#8221; custom_message=&#8221;Od: %%Name%%||et_pb_line_break_holder||E-mail: %%Email%%||et_pb_line_break_holder||Telefon: %%Phone%%||et_pb_line_break_holder||||et_pb_line_break_holder||Poruka:||et_pb_line_break_holder||%%Message%%||et_pb_line_break_holder||||et_pb_line_break_holder||-||et_pb_line_break_holder||Ova poruka poslana je s kontakt forme: https:\/\/zivot-design.com\/contact\/&#8221; submit_button_text=&#8221;Po\u0161aljite&#8221; _builder_version=&#8221;4.25.1&#8243; _module_preset=&#8221;default&#8221; _unique_id=&#8221;cb359bf9-bced-43fa-b441-e9d187f76cb5&#8243; custom_button=&#8221;on&#8221; button_text_color=&#8221;#FFFFFF&#8221; button_bg_color=&#8221;#EB8039&#8243; button_border_width=&#8221;0px&#8221; button_use_icon=&#8221;off&#8221; hover_enabled=&#8221;0&#8243; custom_css_contact_button=&#8221;top: 8px;&#8221; global_colors_info=&#8221;{}&#8221; button_bg_color__hover=&#8221;#818181&#8243; button_bg_color__hover_enabled=&#8221;on|desktop&#8221; theme_builder_area=&#8221;post_content&#8221; sticky_enabled=&#8221;0&#8243;][et_pb_contact_field field_id=&#8221;Name&#8221; field_title=&#8221;Ime *&#8221; fullwidth_field=&#8221;on&#8221; _builder_version=&#8221;4.19.0&#8243; global_colors_info=&#8221;{}&#8221; button_text_size__hover_enabled=&#8221;off&#8221; button_one_text_size__hover_enabled=&#8221;off&#8221; button_two_text_size__hover_enabled=&#8221;off&#8221; button_text_color__hover_enabled=&#8221;off&#8221; button_one_text_color__hover_enabled=&#8221;off&#8221; button_two_text_color__hover_enabled=&#8221;off&#8221; button_border_width__hover_enabled=&#8221;off&#8221; button_one_border_width__hover_enabled=&#8221;off&#8221; button_two_border_width__hover_enabled=&#8221;off&#8221; button_border_color__hover_enabled=&#8221;off&#8221; button_one_border_color__hover_enabled=&#8221;off&#8221; button_two_border_color__hover_enabled=&#8221;off&#8221; button_border_radius__hover_enabled=&#8221;off&#8221; button_one_border_radius__hover_enabled=&#8221;off&#8221; button_two_border_radius__hover_enabled=&#8221;off&#8221; button_letter_spacing__hover_enabled=&#8221;off&#8221; button_one_letter_spacing__hover_enabled=&#8221;off&#8221; button_two_letter_spacing__hover_enabled=&#8221;off&#8221; button_bg_color__hover_enabled=&#8221;off&#8221; button_one_bg_color__hover_enabled=&#8221;off&#8221; button_two_bg_color__hover_enabled=&#8221;off&#8221; theme_builder_area=&#8221;post_content&#8221;][\/et_pb_contact_field][et_pb_contact_field field_id=&#8221;Phone&#8221; field_title=&#8221;Telefon&#8221; required_mark=&#8221;off&#8221; _builder_version=&#8221;4.19.0&#8243; _module_preset=&#8221;default&#8221; global_colors_info=&#8221;{}&#8221; theme_builder_area=&#8221;post_content&#8221;][\/et_pb_contact_field][et_pb_contact_field field_id=&#8221;Email&#8221; field_title=&#8221;E-mail adresa *&#8221; field_type=&#8221;email&#8221; _builder_version=&#8221;4.19.0&#8243; global_colors_info=&#8221;{}&#8221; button_text_size__hover_enabled=&#8221;off&#8221; button_one_text_size__hover_enabled=&#8221;off&#8221; button_two_text_size__hover_enabled=&#8221;off&#8221; button_text_color__hover_enabled=&#8221;off&#8221; button_one_text_color__hover_enabled=&#8221;off&#8221; button_two_text_color__hover_enabled=&#8221;off&#8221; button_border_width__hover_enabled=&#8221;off&#8221; button_one_border_width__hover_enabled=&#8221;off&#8221; button_two_border_width__hover_enabled=&#8221;off&#8221; button_border_color__hover_enabled=&#8221;off&#8221; button_one_border_color__hover_enabled=&#8221;off&#8221; button_two_border_color__hover_enabled=&#8221;off&#8221; button_border_radius__hover_enabled=&#8221;off&#8221; button_one_border_radius__hover_enabled=&#8221;off&#8221; button_two_border_radius__hover_enabled=&#8221;off&#8221; button_letter_spacing__hover_enabled=&#8221;off&#8221; button_one_letter_spacing__hover_enabled=&#8221;off&#8221; button_two_letter_spacing__hover_enabled=&#8221;off&#8221; button_bg_color__hover_enabled=&#8221;off&#8221; button_one_bg_color__hover_enabled=&#8221;off&#8221; button_two_bg_color__hover_enabled=&#8221;off&#8221; theme_builder_area=&#8221;post_content&#8221;][\/et_pb_contact_field][et_pb_contact_field field_id=&#8221;Message&#8221; field_title=&#8221;Poruka *&#8221; field_type=&#8221;text&#8221; fullwidth_field=&#8221;on&#8221; _builder_version=&#8221;4.19.0&#8243; global_colors_info=&#8221;{}&#8221; button_text_size__hover_enabled=&#8221;off&#8221; button_one_text_size__hover_enabled=&#8221;off&#8221; button_two_text_size__hover_enabled=&#8221;off&#8221; button_text_color__hover_enabled=&#8221;off&#8221; button_one_text_color__hover_enabled=&#8221;off&#8221; button_two_text_color__hover_enabled=&#8221;off&#8221; button_border_width__hover_enabled=&#8221;off&#8221; button_one_border_width__hover_enabled=&#8221;off&#8221; button_two_border_width__hover_enabled=&#8221;off&#8221; button_border_color__hover_enabled=&#8221;off&#8221; button_one_border_color__hover_enabled=&#8221;off&#8221; button_two_border_color__hover_enabled=&#8221;off&#8221; button_border_radius__hover_enabled=&#8221;off&#8221; button_one_border_radius__hover_enabled=&#8221;off&#8221; button_two_border_radius__hover_enabled=&#8221;off&#8221; button_letter_spacing__hover_enabled=&#8221;off&#8221; button_one_letter_spacing__hover_enabled=&#8221;off&#8221; button_two_letter_spacing__hover_enabled=&#8221;off&#8221; button_bg_color__hover_enabled=&#8221;off&#8221; button_one_bg_color__hover_enabled=&#8221;off&#8221; button_two_bg_color__hover_enabled=&#8221;off&#8221; theme_builder_area=&#8221;post_content&#8221;][\/et_pb_contact_field][\/et_pb_contact_form][\/et_pb_column][\/et_pb_row][\/et_pb_section][et_pb_section fb_built=&#8221;1&#8243; _builder_version=&#8221;4.19.0&#8243; _module_preset=&#8221;default&#8221; custom_margin=&#8221;0px|0px|0px|0px|false|false&#8221; custom_padding=&#8221;0px|0px|0px|0px|false|false&#8221; global_colors_info=&#8221;{}&#8221; theme_builder_area=&#8221;post_content&#8221;][et_pb_row _builder_version=&#8221;4.19.0&#8243; _module_preset=&#8221;default&#8221; width=&#8221;100%&#8221; max_width=&#8221;100%&#8221; custom_margin=&#8221;0px|0px|0px|0px|false|false&#8221; custom_padding=&#8221;0px|0px|0px|0px|false|false&#8221; global_colors_info=&#8221;{}&#8221; theme_builder_area=&#8221;post_content&#8221;][et_pb_column type=&#8221;4_4&#8243; _builder_version=&#8221;4.19.0&#8243; _module_preset=&#8221;default&#8221; global_colors_info=&#8221;{}&#8221; theme_builder_area=&#8221;post_content&#8221;][et_pb_text _builder_version=&#8221;4.19.0&#8243; _module_preset=&#8221;default&#8221; text_font_size=&#8221;0px&#8221; text_line_height=&#8221;0em&#8221; global_colors_info=&#8221;{}&#8221; theme_builder_area=&#8221;post_content&#8221;]<\/p>\n<p><iframe loading=\"lazy\" src=\"https:\/\/www.google.com\/maps\/embed?pb=!1m18!1m12!1m3!1d2802.0273957136196!2d14.382978515624849!3d45.38861817910015!2m3!1f0!2f0!3f0!3m2!1i1024!2i768!4f13.1!3m3!1m2!1s0x4764a5d784cbf2b1%3A0xd048ee9724e5910b!2s%C5%BDivot+design!5e0!3m2!1sen!2shr!4v1564751936492!5m2!1sen!2shr\" width=\"100%\" height=\"500\" frameborder=\"0\" marginwidth=\"0\" marginheight=\"0\" scrolling=\"no\"><\/iframe><\/p>\n<p>[\/et_pb_text][\/et_pb_column][\/et_pb_row][\/et_pb_section]<\/p>\n","protected":false},"excerpt":{"rendered":"<p>\u017dIVOT d.o.o. Osje\u010dka 62a, 51000 Rijeka, Croatia Studio:Gornji Sroki 73a, 51216 Vi\u0161kovo, Croatia OIB: 85005705611IBAN: HR9224840081106369926 \/ Raiffeisen BankSWIFT CODE: RZBHHR2XBudimo u kontaktu Op\u0107i upiti : zivot.interijeri@gmail.com Zoran Badurina \/ CEO \/ +385 95 900 9445 Mia Sari\u0107 \/ Voditeljica poslovanja \/ +385 99 251 9707 Robert \u0160u\u0161a \/ Voditelj proizvodnje \/ +385 95 908 [&hellip;]<\/p>\n","protected":false},"author":5,"featured_media":1336,"parent":0,"menu_order":9999,"comment_status":"closed","ping_status":"closed","template":"","meta":{"_acf_changed":false,"_et_pb_use_builder":"on","_et_pb_old_content":"","_et_gb_content_width":"","footnotes":""},"class_list":["post-2955","page","type-page","status-publish","has-post-thumbnail","hentry"],"acf":[],"yoast_head":"<!-- This site is optimized with the Yoast SEO plugin v27.3 - https:\/\/yoast.com\/product\/yoast-seo-wordpress\/ -->\n<title>Kontakt &#8212; Dizajn interijera<\/title>\n<meta name=\"robots\" content=\"index, follow, max-snippet:-1, max-image-preview:large, max-video-preview:-1\" \/>\n<link rel=\"canonical\" href=\"https:\/\/zivot-design.com\/hr\/kontakt\/\" \/>\n<meta property=\"og:locale\" content=\"hr_HR\" \/>\n<meta property=\"og:type\" content=\"article\" \/>\n<meta property=\"og:title\" content=\"Kontakt &#8212; Dizajn interijera\" \/>\n<meta property=\"og:description\" content=\"\u017dIVOT d.o.o. Osje\u010dka 62a, 51000 Rijeka, Croatia Studio:Gornji Sroki 73a, 51216 Vi\u0161kovo, Croatia OIB: 85005705611IBAN: HR9224840081106369926 \/ Raiffeisen BankSWIFT CODE: RZBHHR2XBudimo u kontaktu Op\u0107i upiti : zivot.interijeri@gmail.com Zoran Badurina \/ CEO \/ +385 95 900 9445 Mia Sari\u0107 \/ Voditeljica poslovanja \/ +385 99 251 9707 Robert \u0160u\u0161a \/ Voditelj proizvodnje \/ +385 95 908 [&hellip;]\" \/>\n<meta property=\"og:url\" content=\"https:\/\/zivot-design.com\/hr\/kontakt\/\" \/>\n<meta property=\"og:site_name\" content=\"\u017divot Design\" \/>\n<meta property=\"article:publisher\" content=\"http:\/\/www.facebook.com\/zivotdesign\/\" \/>\n<meta property=\"article:modified_time\" content=\"2024-06-20T06:59:59+00:00\" \/>\n<meta property=\"og:image\" content=\"http:\/\/zivot-design.com\/web\/wp-content\/uploads\/2019\/07\/ZivotDesign-slide_001.jpg\" \/>\n<meta name=\"twitter:card\" content=\"summary_large_image\" \/>\n<meta name=\"twitter:image\" content=\"http:\/\/zivot-design.com\/web\/wp-content\/uploads\/2019\/07\/ZivotDesign-slide_001.jpg\" \/>\n<meta name=\"twitter:label1\" content=\"Procijenjeno vrijeme \u010ditanja\" \/>\n\t<meta name=\"twitter:data1\" content=\"2 minute\" \/>\n<script type=\"application\/ld+json\" class=\"yoast-schema-graph\">{\"@context\":\"https:\\\/\\\/schema.org\",\"@graph\":[{\"@type\":\"WebPage\",\"@id\":\"https:\\\/\\\/zivot-design.com\\\/hr\\\/kontakt\\\/\",\"url\":\"https:\\\/\\\/zivot-design.com\\\/hr\\\/kontakt\\\/\",\"name\":\"Kontakt &#8212; Dizajn interijera\",\"isPartOf\":{\"@id\":\"https:\\\/\\\/zivot-design.com\\\/hr\\\/#website\"},\"primaryImageOfPage\":{\"@id\":\"https:\\\/\\\/zivot-design.com\\\/hr\\\/kontakt\\\/#primaryimage\"},\"image\":{\"@id\":\"https:\\\/\\\/zivot-design.com\\\/hr\\\/kontakt\\\/#primaryimage\"},\"thumbnailUrl\":\"https:\\\/\\\/zivot-design.com\\\/web\\\/wp-content\\\/uploads\\\/2020\\\/09\\\/Zivot_design_Academia_Hausbrandt_Caffe_2.jpg\",\"datePublished\":\"2019-07-16T21:14:04+00:00\",\"dateModified\":\"2024-06-20T06:59:59+00:00\",\"breadcrumb\":{\"@id\":\"https:\\\/\\\/zivot-design.com\\\/hr\\\/kontakt\\\/#breadcrumb\"},\"inLanguage\":\"hr\",\"potentialAction\":[{\"@type\":\"ReadAction\",\"target\":[\"https:\\\/\\\/zivot-design.com\\\/hr\\\/kontakt\\\/\"]}]},{\"@type\":\"ImageObject\",\"inLanguage\":\"hr\",\"@id\":\"https:\\\/\\\/zivot-design.com\\\/hr\\\/kontakt\\\/#primaryimage\",\"url\":\"https:\\\/\\\/zivot-design.com\\\/web\\\/wp-content\\\/uploads\\\/2020\\\/09\\\/Zivot_design_Academia_Hausbrandt_Caffe_2.jpg\",\"contentUrl\":\"https:\\\/\\\/zivot-design.com\\\/web\\\/wp-content\\\/uploads\\\/2020\\\/09\\\/Zivot_design_Academia_Hausbrandt_Caffe_2.jpg\",\"width\":1620,\"height\":1080},{\"@type\":\"BreadcrumbList\",\"@id\":\"https:\\\/\\\/zivot-design.com\\\/hr\\\/kontakt\\\/#breadcrumb\",\"itemListElement\":[{\"@type\":\"ListItem\",\"position\":1,\"name\":\"Home\",\"item\":\"https:\\\/\\\/zivot-design.com\\\/hr\\\/naslovna-2022\\\/\"},{\"@type\":\"ListItem\",\"position\":2,\"name\":\"Kontakt\"}]},{\"@type\":\"WebSite\",\"@id\":\"https:\\\/\\\/zivot-design.com\\\/hr\\\/#website\",\"url\":\"https:\\\/\\\/zivot-design.com\\\/hr\\\/\",\"name\":\"\u017divot Design\",\"description\":\"Dizajn interijera\",\"publisher\":{\"@id\":\"https:\\\/\\\/zivot-design.com\\\/hr\\\/#organization\"},\"potentialAction\":[{\"@type\":\"SearchAction\",\"target\":{\"@type\":\"EntryPoint\",\"urlTemplate\":\"https:\\\/\\\/zivot-design.com\\\/hr\\\/?s={search_term_string}\"},\"query-input\":{\"@type\":\"PropertyValueSpecification\",\"valueRequired\":true,\"valueName\":\"search_term_string\"}}],\"inLanguage\":\"hr\"},{\"@type\":\"Organization\",\"@id\":\"https:\\\/\\\/zivot-design.com\\\/hr\\\/#organization\",\"name\":\"\u017divot d.o.o.\",\"url\":\"https:\\\/\\\/zivot-design.com\\\/hr\\\/\",\"logo\":{\"@type\":\"ImageObject\",\"inLanguage\":\"hr\",\"@id\":\"https:\\\/\\\/zivot-design.com\\\/hr\\\/#\\\/schema\\\/logo\\\/image\\\/\",\"url\":\"https:\\\/\\\/zivot-design.com\\\/web\\\/wp-content\\\/uploads\\\/2022\\\/12\\\/zivot_design_logo_natpis_gray_basic.svg\",\"contentUrl\":\"https:\\\/\\\/zivot-design.com\\\/web\\\/wp-content\\\/uploads\\\/2022\\\/12\\\/zivot_design_logo_natpis_gray_basic.svg\",\"width\":1,\"height\":1,\"caption\":\"\u017divot d.o.o.\"},\"image\":{\"@id\":\"https:\\\/\\\/zivot-design.com\\\/hr\\\/#\\\/schema\\\/logo\\\/image\\\/\"},\"sameAs\":[\"http:\\\/\\\/www.facebook.com\\\/zivotdesign\\\/\",\"http:\\\/\\\/www.instagram.com\\\/zivotdesign\\\/\",\"http:\\\/\\\/www.pinterest.com\\\/zivotdesign\\\/\"]}]}<\/script>\n<!-- \/ Yoast SEO plugin. -->","yoast_head_json":{"title":"Kontakt &#8212; Dizajn interijera","robots":{"index":"index","follow":"follow","max-snippet":"max-snippet:-1","max-image-preview":"max-image-preview:large","max-video-preview":"max-video-preview:-1"},"canonical":"https:\/\/zivot-design.com\/hr\/kontakt\/","og_locale":"hr_HR","og_type":"article","og_title":"Kontakt &#8212; Dizajn interijera","og_description":"\u017dIVOT d.o.o. Osje\u010dka 62a, 51000 Rijeka, Croatia Studio:Gornji Sroki 73a, 51216 Vi\u0161kovo, Croatia OIB: 85005705611IBAN: HR9224840081106369926 \/ Raiffeisen BankSWIFT CODE: RZBHHR2XBudimo u kontaktu Op\u0107i upiti : zivot.interijeri@gmail.com Zoran Badurina \/ CEO \/ +385 95 900 9445 Mia Sari\u0107 \/ Voditeljica poslovanja \/ +385 99 251 9707 Robert \u0160u\u0161a \/ Voditelj proizvodnje \/ +385 95 908 [&hellip;]","og_url":"https:\/\/zivot-design.com\/hr\/kontakt\/","og_site_name":"\u017divot Design","article_publisher":"http:\/\/www.facebook.com\/zivotdesign\/","article_modified_time":"2024-06-20T06:59:59+00:00","og_image":[{"url":"http:\/\/zivot-design.com\/web\/wp-content\/uploads\/2019\/07\/ZivotDesign-slide_001.jpg","type":"","width":"","height":""}],"twitter_card":"summary_large_image","twitter_image":"http:\/\/zivot-design.com\/web\/wp-content\/uploads\/2019\/07\/ZivotDesign-slide_001.jpg","twitter_misc":{"Procijenjeno vrijeme \u010ditanja":"2 minute"},"schema":{"@context":"https:\/\/schema.org","@graph":[{"@type":"WebPage","@id":"https:\/\/zivot-design.com\/hr\/kontakt\/","url":"https:\/\/zivot-design.com\/hr\/kontakt\/","name":"Kontakt &#8212; Dizajn interijera","isPartOf":{"@id":"https:\/\/zivot-design.com\/hr\/#website"},"primaryImageOfPage":{"@id":"https:\/\/zivot-design.com\/hr\/kontakt\/#primaryimage"},"image":{"@id":"https:\/\/zivot-design.com\/hr\/kontakt\/#primaryimage"},"thumbnailUrl":"https:\/\/zivot-design.com\/web\/wp-content\/uploads\/2020\/09\/Zivot_design_Academia_Hausbrandt_Caffe_2.jpg","datePublished":"2019-07-16T21:14:04+00:00","dateModified":"2024-06-20T06:59:59+00:00","breadcrumb":{"@id":"https:\/\/zivot-design.com\/hr\/kontakt\/#breadcrumb"},"inLanguage":"hr","potentialAction":[{"@type":"ReadAction","target":["https:\/\/zivot-design.com\/hr\/kontakt\/"]}]},{"@type":"ImageObject","inLanguage":"hr","@id":"https:\/\/zivot-design.com\/hr\/kontakt\/#primaryimage","url":"https:\/\/zivot-design.com\/web\/wp-content\/uploads\/2020\/09\/Zivot_design_Academia_Hausbrandt_Caffe_2.jpg","contentUrl":"https:\/\/zivot-design.com\/web\/wp-content\/uploads\/2020\/09\/Zivot_design_Academia_Hausbrandt_Caffe_2.jpg","width":1620,"height":1080},{"@type":"BreadcrumbList","@id":"https:\/\/zivot-design.com\/hr\/kontakt\/#breadcrumb","itemListElement":[{"@type":"ListItem","position":1,"name":"Home","item":"https:\/\/zivot-design.com\/hr\/naslovna-2022\/"},{"@type":"ListItem","position":2,"name":"Kontakt"}]},{"@type":"WebSite","@id":"https:\/\/zivot-design.com\/hr\/#website","url":"https:\/\/zivot-design.com\/hr\/","name":"\u017divot Design","description":"Dizajn interijera","publisher":{"@id":"https:\/\/zivot-design.com\/hr\/#organization"},"potentialAction":[{"@type":"SearchAction","target":{"@type":"EntryPoint","urlTemplate":"https:\/\/zivot-design.com\/hr\/?s={search_term_string}"},"query-input":{"@type":"PropertyValueSpecification","valueRequired":true,"valueName":"search_term_string"}}],"inLanguage":"hr"},{"@type":"Organization","@id":"https:\/\/zivot-design.com\/hr\/#organization","name":"\u017divot d.o.o.","url":"https:\/\/zivot-design.com\/hr\/","logo":{"@type":"ImageObject","inLanguage":"hr","@id":"https:\/\/zivot-design.com\/hr\/#\/schema\/logo\/image\/","url":"https:\/\/zivot-design.com\/web\/wp-content\/uploads\/2022\/12\/zivot_design_logo_natpis_gray_basic.svg","contentUrl":"https:\/\/zivot-design.com\/web\/wp-content\/uploads\/2022\/12\/zivot_design_logo_natpis_gray_basic.svg","width":1,"height":1,"caption":"\u017divot d.o.o."},"image":{"@id":"https:\/\/zivot-design.com\/hr\/#\/schema\/logo\/image\/"},"sameAs":["http:\/\/www.facebook.com\/zivotdesign\/","http:\/\/www.instagram.com\/zivotdesign\/","http:\/\/www.pinterest.com\/zivotdesign\/"]}]}},"_links":{"self":[{"href":"https:\/\/zivot-design.com\/hr\/wp-json\/wp\/v2\/pages\/2955","targetHints":{"allow":["GET"]}}],"collection":[{"href":"https:\/\/zivot-design.com\/hr\/wp-json\/wp\/v2\/pages"}],"about":[{"href":"https:\/\/zivot-design.com\/hr\/wp-json\/wp\/v2\/types\/page"}],"author":[{"embeddable":true,"href":"https:\/\/zivot-design.com\/hr\/wp-json\/wp\/v2\/users\/5"}],"replies":[{"embeddable":true,"href":"https:\/\/zivot-design.com\/hr\/wp-json\/wp\/v2\/comments?post=2955"}],"version-history":[{"count":22,"href":"https:\/\/zivot-design.com\/hr\/wp-json\/wp\/v2\/pages\/2955\/revisions"}],"predecessor-version":[{"id":4845,"href":"https:\/\/zivot-design.com\/hr\/wp-json\/wp\/v2\/pages\/2955\/revisions\/4845"}],"wp:featuredmedia":[{"embeddable":true,"href":"https:\/\/zivot-design.com\/hr\/wp-json\/wp\/v2\/media\/1336"}],"wp:attachment":[{"href":"https:\/\/zivot-design.com\/hr\/wp-json\/wp\/v2\/media?parent=2955"}],"curies":[{"name":"wp","href":"https:\/\/api.w.org\/{rel}","templated":true}]}}