{"id":4849,"date":"2019-07-05T16:59:16","date_gmt":"2019-07-05T14:59:16","guid":{"rendered":"https:\/\/zivot-design.com\/politika-privatnosti\/"},"modified":"2019-07-05T16:59:16","modified_gmt":"2019-07-05T14:59:16","slug":"politika-privatnosti","status":"publish","type":"page","link":"https:\/\/zivot-design.com\/hr\/politika-privatnosti\/","title":{"rendered":"Politika privatnosti"},"content":{"rendered":"<h2>\u010cime se bavimo<\/h2>\n<p>Ova Pravila privatnosti ure\u0111uju na\u010din na koji <strong>\u017dIVOT DOO<\/strong> prikuplja, koristi, odr\u017eava i otkriva podatke prikupljene od korisnika web stranice www.zivot-design.com (\u201eSite\u201c, \u201eInternet stranica\u201c, \u201eUsluga\u201c). Ova politika privatnosti odnosi se na Stranicu i sve proizvode i usluge koje nudi <strong>\u017dIVOT DOO<\/strong> .<\/p>\n<p><strong>\u017dIVOT DOO<\/strong> mo\u017ee prikupljati i koristiti osobne podatke korisnika u sljede\u0107e svrhe:<\/p>\n<ul>\n<li>Za pokretanje i rad na\u0161e stranice<\/li>\n<li>Za pobolj\u0161anje korisni\u010dke usluge<\/li>\n<li>Za personalizaciju korisni\u010dkog iskustva<\/li>\n<li>Za slanje periodi\u010dne e-po\u0161te<\/li>\n<\/ul>\n<h2>Koje osobne podatke prikupljamo i za\u0161to ih prikupljamo<\/h2>\n<p>Sa svim osobnim podacima pohranjenim na Stranici postupat \u0107emo s najve\u0107om pa\u017enjom. Podaci koje pohranjujemo ne\u0107e se prodavati niti koristiti u bilo koje druge svrhe osim za osiguranje najbolje mogu\u0107e usluge.<\/p>\n<p>Korisnici uvijek mogu odbiti dati osobne podatke za identifikaciju, osim ako ih to mo\u017ee sprije\u010diti da se uklju\u010de u odre\u0111ene aktivnosti vezane uz Stranicu.<\/p>\n<p>Prikupljamo i koristimo podatke kada nas kontaktirate putem na\u0161e web stranice, kao i slanjem marketin\u0161kog materijala i drugih informacija o na\u0161im proizvodima i aktivnostima ako ste nam dali izri\u010ditu suglasnost. Kona\u010dno, va\u0161i se podaci mogu koristiti za istra\u017eivanje sumnje na prijevaru.<\/p>\n<p><strong>Podaci koje prikupljamo o vama:<\/strong><\/p>\n<ul>\n<li>Osobni podaci koji se prikupljaju su ime i prezime i e-mail adresa<\/li>\n<li>Kada nas kontaktirate na na\u0161oj stranici, imate opciju da ne primate nikakve informacije od<\/li>\n<\/ul>\n<p><strong>\u017dIVOT DOO<\/strong> Ako ste na na\u0161oj mailing listi, poslat \u0107emo vam newsletter s vremena na vrijeme kada budemo imali neke uzbudljive vijesti poput lansiranja novih proizvoda, rasprodaja uzoraka i drugih doga\u0111aja. Mo\u017eete se automatski odjaviti ako to \u017eelite.<\/p>\n<h2>S kim dijelimo va\u0161e podatke<\/h2>\n<p><strong>\u017dIVOT DOO<\/strong> obra\u0111uje osobne podatke u marketin\u0161ke svrhe prema va\u017ee\u0107im zakonima, uklju\u010duju\u0107i i zahtjev za prikupljanjem va\u0161e privole prije slanja elektroni\u010dkog marketin\u0161kog materijala.<\/p>\n<p>Imate pravo na zahtjev biti obavije\u0161teni koje smo podatke o Vama evidentirali i uzeti izuzetak od prijave prema Zakonu o za\u0161titi osobnih podataka. Ako su informacije pogre\u0161ne, nepotpune ili neva\u017ene, imate pravo zatra\u017eiti ispravak ili brisanje informacija.<\/p>\n<p><strong>\u017dIVOT DOO<\/strong> \u010duva osobne podatke i relevantne podatke jedanaest godina sukladno zakonu o knjigovodstvu.<\/p>\n<p>Ako \u017eelite vi\u0161e informacija ili \u017eelite promijeniti svoje osobne podatke, slobodno nas kontaktirajte. Mo\u017eete nam pisati i na na\u0161u adresu: <a href=\"mailto:zivot.interijeri@gmail.com\">zivot.interijeri@gmail.com<\/a><\/p>\n<h2>Koliko dugo zadr\u017eavamo va\u0161e podatke<\/h2>\n<p>Podaci su upisani u <strong>\u017dIVOT DOO<\/strong> i \u010duvat \u0107e se jedanaest godina. Nakon toga podaci \u0107e biti izbrisani. Voditelj obrade podataka na zivot-design.com je Zoran Badurina (direktor i vlasnik Dru\u0161tva).<\/p>\n<p>Imate pravo na pristup podacima registriranim o vama. Ako smatrate da su informacije neto\u010dne, imate pravo na ispravak informacija. U nekim slu\u010dajevima \u0107emo morati izbrisati va\u0161e podatke ako to zatra\u017eite. Na primjer, to mo\u017ee biti ako informacija vi\u0161e nije potrebna za svrhu za koju smo je prvotno trebala.<\/p>\n<p>Molimo kontaktirajte nas ako smatrate da se va\u0161i osobni podaci ne obra\u0111uju u skladu sa zakonima. Upite o tome potrebno je poslati <strong>\u017dIVOT DOO<\/strong> putem e-maila ( <a href=\"mailto:zivot.interijeri@gmail.com\">zivot.interijeri@gmail.com<\/a> ).<\/p>\n<h2>Ugra\u0111eni sadr\u017eaj s drugih web stranica<\/h2>\n<p>\u010clanci na ovoj stranici mogu sadr\u017eavati ugra\u0111eni sadr\u017eaj (npr. videozapise, slike, \u010dlanke itd.). Ugra\u0111eni sadr\u017eaj s drugih web stranica pona\u0161a se na potpuno isti na\u010din kao da je posjetitelj posjetio drugu web stranicu.<\/p>\n<p>Ove web stranice mogu prikupljati podatke o vama, koristiti kola\u010di\u0107e, ugraditi dodatno pra\u0107enje tre\u0107e strane i pratiti va\u0161u interakciju s tim ugra\u0111enim sadr\u017eajem, uklju\u010duju\u0107i pra\u0107enje va\u0161e interakcije s ugra\u0111enim sadr\u017eajem ako imate ra\u010dun i prijavljeni ste na tu web stranicu.<\/p>\n<h2>Kola\u010di\u0107i preglednika<\/h2>\n<p>Na\u0161a stranica mo\u017ee koristiti &#8220;kola\u010di\u0107e&#8221; za pobolj\u0161anje korisni\u010dkog iskustva.<\/p>\n<p>Ako ostavite komentar na na\u0161oj stranici, mo\u017eete se odlu\u010diti za spremanje svog imena, adrese e-po\u0161te i web stranice u kola\u010di\u0107e. Ovo je za va\u0161u udobnost kako ne biste morali ponovno ispunjavati svoje podatke kada ostavljate novi komentar. Ovi kola\u010di\u0107i \u0107e trajati godinu dana.<\/p>\n<h2>Kontakt forme<\/h2>\n<p>Podnesene kontakt forme \u010duvamo 5 godina, u svrhu korisni\u010dke slu\u017ebe, ali ne koristimo podatke poslane putem njih u marketin\u0161ke svrhe.<\/p>\n<h2>Za\u0161tita informacija<\/h2>\n<p>Usvajamo odgovaraju\u0107e postupke prikupljanja, pohranjivanja i obrade podataka te sigurnosne mjere za za\u0161titu od neovla\u0161tenog pristupa, izmjene, otkrivanja ili uni\u0161tavanja va\u0161ih osobnih podataka, korisni\u010dkog imena, lozinke, informacija o transakcijama i podataka pohranjenih na na\u0161oj stranici. Ako \u017eelite vi\u0161e informacija ili \u017eelite promijeniti svoje osobne podatke, slobodno nas kontaktirajte.<\/p>\n<p>Mo\u017eete nam pisati na na\u0161u adresu:<br \/>\n<strong>\u017divot d.o.o.<\/strong><br \/>\n<strong>Osje\u010dka 62a<\/strong><br \/>\n<strong>51000 Rijeka, Hrvatska<\/strong><\/p>\n<p>ili nas kontaktirajte putem telefona <a href=\"tel:+385959009445\">+385 95 900 9445<\/a> ili e-maila: <a href=\"mailto:zivot.interijeri@gmail.com\">zivot.interijeri@gmail.com<\/a><\/p>\n<h2>Promjene pravila o privatnosti<\/h2>\n<p><strong>\u017divot doo<\/strong> ima diskrecijsko pravo a\u017eurirati ovu politiku privatnosti u bilo kojem trenutku. Kada to u\u010dinimo, objavit \u0107emo obavijest na glavnoj stranici na\u0161e stranice. Poti\u010demo korisnike da \u010desto provjeravaju ovu stranicu radi eventualnih promjena kako bi bili informirani o tome kako poma\u017eemo u za\u0161titi osobnih podataka koje prikupljamo. Prihva\u0107ate i sla\u017eete se da je va\u0161a odgovornost povremeno pregledavati ovu politiku privatnosti i biti svjesni izmjena.<\/p>\n<h2>Prihva\u0107anje uvjeta<\/h2>\n<p>Kori\u0161tenjem ove stranice potvr\u0111ujete da prihva\u0107ate ovu politiku. Ako se ne sla\u017eete s ovom politikom, nemojte koristiti na\u0161u stranicu. Va\u0161e daljnje kori\u0161tenje stranice nakon objavljivanja izmjena ove politike smatrat \u0107e se va\u0161im prihva\u0107anjem tih promjena.<\/p>\n<h2>Kontaktirajte nas!<\/h2>\n<p>Pitanja, komentari i zahtjevi u vezi s ovom politikom privatnosti su dobrodo\u0161li i trebaju nam se poslati e-po\u0161tom na <a href=\"mailto:zivot.interijeri@gmail.com\">zivot.interijeri@gmail.com<\/a> .<\/p>\n","protected":false},"excerpt":{"rendered":"<p>\u010cime se bavimo Ova Pravila privatnosti ure\u0111uju na\u010din na koji \u017dIVOT DOO prikuplja, koristi, odr\u017eava i otkriva podatke prikupljene od korisnika web stranice www.zivot-design.com (\u201eSite\u201c, \u201eInternet stranica\u201c, \u201eUsluga\u201c). Ova politika privatnosti odnosi se na Stranicu i sve proizvode i usluge koje nudi \u017dIVOT DOO . \u017dIVOT DOO mo\u017ee prikupljati i koristiti osobne podatke korisnika u [&hellip;]<\/p>\n","protected":false},"author":5,"featured_media":0,"parent":0,"menu_order":999,"comment_status":"closed","ping_status":"closed","template":"","meta":{"_acf_changed":false,"_et_pb_use_builder":"","_et_pb_old_content":"","_et_gb_content_width":"","footnotes":""},"class_list":["post-4849","page","type-page","status-publish","hentry"],"acf":[],"yoast_head":"<!-- This site is optimized with the Yoast SEO plugin v27.3 - https:\/\/yoast.com\/product\/yoast-seo-wordpress\/ -->\n<title>Politika privatnosti &#8212; Dizajn interijera<\/title>\n<meta name=\"robots\" content=\"index, follow, max-snippet:-1, max-image-preview:large, max-video-preview:-1\" \/>\n<link rel=\"canonical\" href=\"https:\/\/zivot-design.com\/hr\/politika-privatnosti\/\" \/>\n<meta property=\"og:locale\" content=\"hr_HR\" \/>\n<meta property=\"og:type\" content=\"article\" \/>\n<meta property=\"og:title\" content=\"Politika privatnosti &#8212; Dizajn interijera\" \/>\n<meta property=\"og:description\" content=\"\u010cime se bavimo Ova Pravila privatnosti ure\u0111uju na\u010din na koji \u017dIVOT DOO prikuplja, koristi, odr\u017eava i otkriva podatke prikupljene od korisnika web stranice www.zivot-design.com (\u201eSite\u201c, \u201eInternet stranica\u201c, \u201eUsluga\u201c). Ova politika privatnosti odnosi se na Stranicu i sve proizvode i usluge koje nudi \u017dIVOT DOO . \u017dIVOT DOO mo\u017ee prikupljati i koristiti osobne podatke korisnika u [&hellip;]\" \/>\n<meta property=\"og:url\" content=\"https:\/\/zivot-design.com\/hr\/politika-privatnosti\/\" \/>\n<meta property=\"og:site_name\" content=\"\u017divot Design\" \/>\n<meta property=\"article:publisher\" content=\"http:\/\/www.facebook.com\/zivotdesign\/\" \/>\n<meta name=\"twitter:card\" content=\"summary_large_image\" \/>\n<meta name=\"twitter:label1\" content=\"Procijenjeno vrijeme \u010ditanja\" \/>\n\t<meta name=\"twitter:data1\" content=\"5 minuta\" \/>\n<script type=\"application\/ld+json\" class=\"yoast-schema-graph\">{\"@context\":\"https:\\\/\\\/schema.org\",\"@graph\":[{\"@type\":\"WebPage\",\"@id\":\"https:\\\/\\\/zivot-design.com\\\/hr\\\/politika-privatnosti\\\/\",\"url\":\"https:\\\/\\\/zivot-design.com\\\/hr\\\/politika-privatnosti\\\/\",\"name\":\"Politika privatnosti &#8212; Dizajn interijera\",\"isPartOf\":{\"@id\":\"https:\\\/\\\/zivot-design.com\\\/hr\\\/#website\"},\"datePublished\":\"2019-07-05T14:59:16+00:00\",\"breadcrumb\":{\"@id\":\"https:\\\/\\\/zivot-design.com\\\/hr\\\/politika-privatnosti\\\/#breadcrumb\"},\"inLanguage\":\"hr\",\"potentialAction\":[{\"@type\":\"ReadAction\",\"target\":[\"https:\\\/\\\/zivot-design.com\\\/hr\\\/politika-privatnosti\\\/\"]}]},{\"@type\":\"BreadcrumbList\",\"@id\":\"https:\\\/\\\/zivot-design.com\\\/hr\\\/politika-privatnosti\\\/#breadcrumb\",\"itemListElement\":[{\"@type\":\"ListItem\",\"position\":1,\"name\":\"Home\",\"item\":\"https:\\\/\\\/zivot-design.com\\\/hr\\\/naslovna-2022\\\/\"},{\"@type\":\"ListItem\",\"position\":2,\"name\":\"Politika privatnosti\"}]},{\"@type\":\"WebSite\",\"@id\":\"https:\\\/\\\/zivot-design.com\\\/hr\\\/#website\",\"url\":\"https:\\\/\\\/zivot-design.com\\\/hr\\\/\",\"name\":\"\u017divot Design\",\"description\":\"Dizajn interijera\",\"publisher\":{\"@id\":\"https:\\\/\\\/zivot-design.com\\\/hr\\\/#organization\"},\"potentialAction\":[{\"@type\":\"SearchAction\",\"target\":{\"@type\":\"EntryPoint\",\"urlTemplate\":\"https:\\\/\\\/zivot-design.com\\\/hr\\\/?s={search_term_string}\"},\"query-input\":{\"@type\":\"PropertyValueSpecification\",\"valueRequired\":true,\"valueName\":\"search_term_string\"}}],\"inLanguage\":\"hr\"},{\"@type\":\"Organization\",\"@id\":\"https:\\\/\\\/zivot-design.com\\\/hr\\\/#organization\",\"name\":\"\u017divot d.o.o.\",\"url\":\"https:\\\/\\\/zivot-design.com\\\/hr\\\/\",\"logo\":{\"@type\":\"ImageObject\",\"inLanguage\":\"hr\",\"@id\":\"https:\\\/\\\/zivot-design.com\\\/hr\\\/#\\\/schema\\\/logo\\\/image\\\/\",\"url\":\"https:\\\/\\\/zivot-design.com\\\/web\\\/wp-content\\\/uploads\\\/2022\\\/12\\\/zivot_design_logo_natpis_gray_basic.svg\",\"contentUrl\":\"https:\\\/\\\/zivot-design.com\\\/web\\\/wp-content\\\/uploads\\\/2022\\\/12\\\/zivot_design_logo_natpis_gray_basic.svg\",\"width\":1,\"height\":1,\"caption\":\"\u017divot d.o.o.\"},\"image\":{\"@id\":\"https:\\\/\\\/zivot-design.com\\\/hr\\\/#\\\/schema\\\/logo\\\/image\\\/\"},\"sameAs\":[\"http:\\\/\\\/www.facebook.com\\\/zivotdesign\\\/\",\"http:\\\/\\\/www.instagram.com\\\/zivotdesign\\\/\",\"http:\\\/\\\/www.pinterest.com\\\/zivotdesign\\\/\"]}]}<\/script>\n<!-- \/ Yoast SEO plugin. -->","yoast_head_json":{"title":"Politika privatnosti &#8212; Dizajn interijera","robots":{"index":"index","follow":"follow","max-snippet":"max-snippet:-1","max-image-preview":"max-image-preview:large","max-video-preview":"max-video-preview:-1"},"canonical":"https:\/\/zivot-design.com\/hr\/politika-privatnosti\/","og_locale":"hr_HR","og_type":"article","og_title":"Politika privatnosti &#8212; Dizajn interijera","og_description":"\u010cime se bavimo Ova Pravila privatnosti ure\u0111uju na\u010din na koji \u017dIVOT DOO prikuplja, koristi, odr\u017eava i otkriva podatke prikupljene od korisnika web stranice www.zivot-design.com (\u201eSite\u201c, \u201eInternet stranica\u201c, \u201eUsluga\u201c). Ova politika privatnosti odnosi se na Stranicu i sve proizvode i usluge koje nudi \u017dIVOT DOO . \u017dIVOT DOO mo\u017ee prikupljati i koristiti osobne podatke korisnika u [&hellip;]","og_url":"https:\/\/zivot-design.com\/hr\/politika-privatnosti\/","og_site_name":"\u017divot Design","article_publisher":"http:\/\/www.facebook.com\/zivotdesign\/","twitter_card":"summary_large_image","twitter_misc":{"Procijenjeno vrijeme \u010ditanja":"5 minuta"},"schema":{"@context":"https:\/\/schema.org","@graph":[{"@type":"WebPage","@id":"https:\/\/zivot-design.com\/hr\/politika-privatnosti\/","url":"https:\/\/zivot-design.com\/hr\/politika-privatnosti\/","name":"Politika privatnosti &#8212; Dizajn interijera","isPartOf":{"@id":"https:\/\/zivot-design.com\/hr\/#website"},"datePublished":"2019-07-05T14:59:16+00:00","breadcrumb":{"@id":"https:\/\/zivot-design.com\/hr\/politika-privatnosti\/#breadcrumb"},"inLanguage":"hr","potentialAction":[{"@type":"ReadAction","target":["https:\/\/zivot-design.com\/hr\/politika-privatnosti\/"]}]},{"@type":"BreadcrumbList","@id":"https:\/\/zivot-design.com\/hr\/politika-privatnosti\/#breadcrumb","itemListElement":[{"@type":"ListItem","position":1,"name":"Home","item":"https:\/\/zivot-design.com\/hr\/naslovna-2022\/"},{"@type":"ListItem","position":2,"name":"Politika privatnosti"}]},{"@type":"WebSite","@id":"https:\/\/zivot-design.com\/hr\/#website","url":"https:\/\/zivot-design.com\/hr\/","name":"\u017divot Design","description":"Dizajn interijera","publisher":{"@id":"https:\/\/zivot-design.com\/hr\/#organization"},"potentialAction":[{"@type":"SearchAction","target":{"@type":"EntryPoint","urlTemplate":"https:\/\/zivot-design.com\/hr\/?s={search_term_string}"},"query-input":{"@type":"PropertyValueSpecification","valueRequired":true,"valueName":"search_term_string"}}],"inLanguage":"hr"},{"@type":"Organization","@id":"https:\/\/zivot-design.com\/hr\/#organization","name":"\u017divot d.o.o.","url":"https:\/\/zivot-design.com\/hr\/","logo":{"@type":"ImageObject","inLanguage":"hr","@id":"https:\/\/zivot-design.com\/hr\/#\/schema\/logo\/image\/","url":"https:\/\/zivot-design.com\/web\/wp-content\/uploads\/2022\/12\/zivot_design_logo_natpis_gray_basic.svg","contentUrl":"https:\/\/zivot-design.com\/web\/wp-content\/uploads\/2022\/12\/zivot_design_logo_natpis_gray_basic.svg","width":1,"height":1,"caption":"\u017divot d.o.o."},"image":{"@id":"https:\/\/zivot-design.com\/hr\/#\/schema\/logo\/image\/"},"sameAs":["http:\/\/www.facebook.com\/zivotdesign\/","http:\/\/www.instagram.com\/zivotdesign\/","http:\/\/www.pinterest.com\/zivotdesign\/"]}]}},"_links":{"self":[{"href":"https:\/\/zivot-design.com\/hr\/wp-json\/wp\/v2\/pages\/4849","targetHints":{"allow":["GET"]}}],"collection":[{"href":"https:\/\/zivot-design.com\/hr\/wp-json\/wp\/v2\/pages"}],"about":[{"href":"https:\/\/zivot-design.com\/hr\/wp-json\/wp\/v2\/types\/page"}],"author":[{"embeddable":true,"href":"https:\/\/zivot-design.com\/hr\/wp-json\/wp\/v2\/users\/5"}],"replies":[{"embeddable":true,"href":"https:\/\/zivot-design.com\/hr\/wp-json\/wp\/v2\/comments?post=4849"}],"version-history":[{"count":0,"href":"https:\/\/zivot-design.com\/hr\/wp-json\/wp\/v2\/pages\/4849\/revisions"}],"wp:attachment":[{"href":"https:\/\/zivot-design.com\/hr\/wp-json\/wp\/v2\/media?parent=4849"}],"curies":[{"name":"wp","href":"https:\/\/api.w.org\/{rel}","templated":true}]}}